{"id":27691,"date":"2024-07-23T21:26:11","date_gmt":"2024-07-23T19:26:11","guid":{"rendered":"https:\/\/visitvarazdin.hr\/unesco-grad-glazbe\/"},"modified":"2024-10-17T13:49:40","modified_gmt":"2024-10-17T11:49:40","slug":"unesco-city-of-music","status":"publish","type":"page","link":"https:\/\/visitvarazdin.hr\/en\/unesco-city-of-music\/","title":{"rendered":"UNESCO City of Music"},"content":{"rendered":"\t\t<div data-elementor-type=\"wp-page\" data-elementor-id=\"27691\" class=\"elementor elementor-27691 elementor-26441\" data-elementor-post-type=\"page\">\n\t\t\t\t\t\t<section class=\"elementor-section elementor-top-section elementor-element elementor-element-3034993 elementor-section-full_width elementor-section-height-min-height elementor-section-height-default elementor-section-items-middle\" data-id=\"3034993\" data-element_type=\"section\" data-e-type=\"section\" data-settings=\"{&quot;background_background&quot;:&quot;classic&quot;}\">\n\t\t\t\t\t\t<div class=\"elementor-container elementor-column-gap-default\">\n\t\t\t\t\t<div class=\"elementor-column elementor-col-100 elementor-top-column elementor-element elementor-element-a2f1856\" data-id=\"a2f1856\" data-element_type=\"column\" data-e-type=\"column\" data-settings=\"{&quot;background_background&quot;:&quot;slideshow&quot;,&quot;background_slideshow_gallery&quot;:[{&quot;id&quot;:26473,&quot;url&quot;:&quot;https:\\\/\\\/visitvarazdin.hr\\\/wp-content\\\/uploads\\\/2024\\\/07\\\/unesco-grad-glazbe_010.webp&quot;},{&quot;id&quot;:26479,&quot;url&quot;:&quot;https:\\\/\\\/visitvarazdin.hr\\\/wp-content\\\/uploads\\\/2024\\\/07\\\/unesco-grad-glazbe_012.webp&quot;},{&quot;id&quot;:26461,&quot;url&quot;:&quot;https:\\\/\\\/visitvarazdin.hr\\\/wp-content\\\/uploads\\\/2024\\\/07\\\/unesco-grad-glazbe_006.webp&quot;},{&quot;id&quot;:26467,&quot;url&quot;:&quot;https:\\\/\\\/visitvarazdin.hr\\\/wp-content\\\/uploads\\\/2024\\\/07\\\/unesco-grad-glazbe_008.webp&quot;}],&quot;background_slideshow_transition_duration&quot;:2000,&quot;background_slideshow_ken_burns&quot;:&quot;yes&quot;,&quot;background_slideshow_ken_burns_zoom_direction&quot;:&quot;out&quot;,&quot;background_slideshow_loop&quot;:&quot;yes&quot;,&quot;background_slideshow_slide_duration&quot;:5000,&quot;background_slideshow_slide_transition&quot;:&quot;fade&quot;}\">\n\t\t\t<div class=\"elementor-widget-wrap elementor-element-populated\">\n\t\t\t\t\t\t<div class=\"elementor-element elementor-element-cc07057 elementor-absolute elementor-widget-divider--view-line elementor-widget elementor-widget-divider\" data-id=\"cc07057\" data-element_type=\"widget\" data-e-type=\"widget\" data-settings=\"{&quot;_position&quot;:&quot;absolute&quot;}\" data-widget_type=\"divider.default\">\n\t\t\t\t<div class=\"elementor-widget-container\">\n\t\t\t\t\t\t\t<div class=\"elementor-divider\">\n\t\t\t<span class=\"elementor-divider-separator\">\n\t\t\t\t\t\t<\/span>\n\t\t<\/div>\n\t\t\t\t\t\t<\/div>\n\t\t\t\t<\/div>\n\t\t\t\t<div class=\"elementor-element elementor-element-4f6ab27 elementor-widget elementor-widget-spacer\" data-id=\"4f6ab27\" data-element_type=\"widget\" data-e-type=\"widget\" data-widget_type=\"spacer.default\">\n\t\t\t\t<div class=\"elementor-widget-container\">\n\t\t\t\t\t\t\t<div class=\"elementor-spacer\">\n\t\t\t<div class=\"elementor-spacer-inner\"><\/div>\n\t\t<\/div>\n\t\t\t\t\t\t<\/div>\n\t\t\t\t<\/div>\n\t\t\t\t<div class=\"elementor-element elementor-element-c19a4ad elementor-absolute elementor-widget elementor-widget-text-editor\" data-id=\"c19a4ad\" data-element_type=\"widget\" data-e-type=\"widget\" data-settings=\"{&quot;_position&quot;:&quot;absolute&quot;}\" data-widget_type=\"text-editor.default\">\n\t\t\t\t<div class=\"elementor-widget-container\">\n\t\t\t\t\t\t\t\t\t<p><em>Vara\u017edin is the first city in Croatia that can boast the title of UNESCO City of Music.<\/em> This great success represents the culmination of many years of efforts and dedication of the City of Vara\u017edin in promoting musical culture and heritage, but also an incentive for the further development of Vara\u017edin as a center of musical excellence.<\/p>\t\t\t\t\t\t\t\t<\/div>\n\t\t\t\t<\/div>\n\t\t\t\t<div class=\"elementor-element elementor-element-b9285d3 elementor-absolute elementor-widget elementor-widget-text-editor\" data-id=\"b9285d3\" data-element_type=\"widget\" data-e-type=\"widget\" data-settings=\"{&quot;_position&quot;:&quot;absolute&quot;}\" data-widget_type=\"text-editor.default\">\n\t\t\t\t<div class=\"elementor-widget-container\">\n\t\t\t\t\t\t\t\t\t<p>UNESCO <em>City of Music<\/em><\/p>\t\t\t\t\t\t\t\t<\/div>\n\t\t\t\t<\/div>\n\t\t\t\t\t<\/div>\n\t\t<\/div>\n\t\t\t\t\t<\/div>\n\t\t<\/section>\n\t\t\t\t<section class=\"elementor-section elementor-top-section elementor-element elementor-element-e7514a2 elementor-section-full_width elementor-section-height-default elementor-section-height-default\" data-id=\"e7514a2\" data-element_type=\"section\" data-e-type=\"section\" data-settings=\"{&quot;background_background&quot;:&quot;classic&quot;}\">\n\t\t\t\t\t\t<div class=\"elementor-container elementor-column-gap-default\">\n\t\t\t\t\t<div class=\"elementor-column elementor-col-50 elementor-top-column elementor-element elementor-element-9cc576e\" data-id=\"9cc576e\" data-element_type=\"column\" data-e-type=\"column\">\n\t\t\t<div class=\"elementor-widget-wrap elementor-element-populated\">\n\t\t\t\t\t\t<div class=\"elementor-element elementor-element-9e28f77 elementor--h-position-center elementor--v-position-middle elementor-arrows-position-inside elementor-widget elementor-widget-slides\" data-id=\"9e28f77\" data-element_type=\"widget\" data-e-type=\"widget\" data-settings=\"{&quot;navigation&quot;:&quot;arrows&quot;,&quot;autoplay&quot;:&quot;yes&quot;,&quot;autoplay_speed&quot;:5000,&quot;infinite&quot;:&quot;yes&quot;,&quot;transition&quot;:&quot;slide&quot;,&quot;transition_speed&quot;:500}\" data-widget_type=\"slides.default\">\n\t\t\t\t<div class=\"elementor-widget-container\">\n\t\t\t\t\t\t\t\t\t<div class=\"elementor-swiper\">\n\t\t\t\t\t<div class=\"elementor-slides-wrapper elementor-main-swiper swiper\" role=\"region\" aria-roledescription=\"carousel\" aria-label=\"Slides\" dir=\"ltr\" data-animation=\"fadeInRight\">\n\t\t\t\t<div class=\"swiper-wrapper elementor-slides\">\n\t\t\t\t\t\t\t\t\t\t<div class=\"elementor-repeater-item-74ebaf2 swiper-slide\" role=\"group\" aria-roledescription=\"slide\"><div class=\"swiper-slide-bg\" role=\"img\" aria-label=\"UNESCO grad glazbe\"><\/div><div class=\"swiper-slide-inner\" ><div class=\"swiper-slide-contents\"><\/div><\/div><\/div><div class=\"elementor-repeater-item-f270628 swiper-slide\" role=\"group\" aria-roledescription=\"slide\"><div class=\"swiper-slide-bg\" role=\"img\" aria-label=\"UNESCO grad glazbe\"><\/div><div class=\"swiper-slide-inner\" ><div class=\"swiper-slide-contents\"><\/div><\/div><\/div><div class=\"elementor-repeater-item-fb3fc3e swiper-slide\" role=\"group\" aria-roledescription=\"slide\"><div class=\"swiper-slide-bg\" role=\"img\" aria-label=\"UNESCO grad glazbe\"><\/div><div class=\"swiper-slide-inner\" ><div class=\"swiper-slide-contents\"><\/div><\/div><\/div>\t\t\t\t<\/div>\n\t\t\t\t\t\t\t\t\t\t\t\t\t\t\t<div class=\"elementor-swiper-button elementor-swiper-button-prev\" role=\"button\" tabindex=\"0\" aria-label=\"Previous slide\">\n\t\t\t\t\t\t\t<i aria-hidden=\"true\" class=\"eicon-chevron-left\"><\/i>\t\t\t\t\t\t<\/div>\n\t\t\t\t\t\t<div class=\"elementor-swiper-button elementor-swiper-button-next\" role=\"button\" tabindex=\"0\" aria-label=\"Next slide\">\n\t\t\t\t\t\t\t<i aria-hidden=\"true\" class=\"eicon-chevron-right\"><\/i>\t\t\t\t\t\t<\/div>\n\t\t\t\t\t\t\t\t\t\t\t\t\t\t\t\t\t<\/div>\n\t\t\t\t<\/div>\n\t\t\t\t\t\t\t\t<\/div>\n\t\t\t\t<\/div>\n\t\t\t\t\t<\/div>\n\t\t<\/div>\n\t\t\t\t<div class=\"elementor-column elementor-col-50 elementor-top-column elementor-element elementor-element-ccd3a47\" data-id=\"ccd3a47\" data-element_type=\"column\" data-e-type=\"column\">\n\t\t\t<div class=\"elementor-widget-wrap elementor-element-populated\">\n\t\t\t\t\t\t<div class=\"elementor-element elementor-element-ea471a1 elementor-widget elementor-widget-text-editor\" data-id=\"ea471a1\" data-element_type=\"widget\" data-e-type=\"widget\" data-widget_type=\"text-editor.default\">\n\t\t\t\t<div class=\"elementor-widget-container\">\n\t\t\t\t\t\t\t\t\t<p>Legend has it that the composer Emmerich Kalman met a certain countess named Marica in Vara\u017edin after whom he not only named his famous operetta, but also dedicated to Vara\u017edin the most famous song from that part &#8220;Komm mit nach Vara\u017edin&#8221;. In addition to delighting audiences around the world for decades, his anthology operetta made Vara\u017edin, a city that has always been an inspiration to artists, famous. Many musicians sought and found inspiration in it, each in their own time shaping the city&#8217;s culture and building a rich musical heritage of which Vara\u017edin is proud.<\/p><p>\u00a0<\/p><p>It is the hometown of guitar virtuoso and composer Ivan Padovac, who is world-famous for his invention &#8211; the ten-string guitar.<\/p>\t\t\t\t\t\t\t\t<\/div>\n\t\t\t\t<\/div>\n\t\t\t\t\t<\/div>\n\t\t<\/div>\n\t\t\t\t\t<\/div>\n\t\t<\/section>\n\t\t\t\t<section class=\"elementor-section elementor-top-section elementor-element elementor-element-4107032 elementor-section-full_width elementor-reverse-mobile elementor-section-height-default elementor-section-height-default\" data-id=\"4107032\" data-element_type=\"section\" data-e-type=\"section\">\n\t\t\t\t\t\t<div class=\"elementor-container elementor-column-gap-default\">\n\t\t\t\t\t<div class=\"elementor-column elementor-col-50 elementor-top-column elementor-element elementor-element-c1ce38f\" data-id=\"c1ce38f\" data-element_type=\"column\" data-e-type=\"column\">\n\t\t\t<div class=\"elementor-widget-wrap elementor-element-populated\">\n\t\t\t\t\t\t<div class=\"elementor-element elementor-element-69d3477 elementor-widget elementor-widget-text-editor\" data-id=\"69d3477\" data-element_type=\"widget\" data-e-type=\"widget\" data-widget_type=\"text-editor.default\">\n\t\t\t\t<div class=\"elementor-widget-container\">\n\t\t\t\t\t\t\t\t\t<p>Today, the Vara\u017edin music chest preserves priceless musical treasures, from <em>the Music School, which is one of the oldest<\/em> and most respected educational institutions in Croatia and where world-renowned masters have grown, to <em>famous musicians, successful choirs, Folklore Societies and ensembles, active musical associations , builders of musical instruments, international music competitions all the way to cultural music events, concerts of all genres and well-known festivals with a long tradition.<\/em> In addition to architecture, the baroque legacy of Vara\u017edin is rooted in music, which has been promoted for more than half a century by the Vara\u017edin Baroque Evenings, one of the most prominent festivals in the world of such type. Today, the most recognizable brand of Vara\u017edin is \u0160pancirfest, <em>the most famous Croatian street festival, which at the end of summer turns the streets and squares into the center of music, art and entertainment.<\/em><\/p>\t\t\t\t\t\t\t\t<\/div>\n\t\t\t\t<\/div>\n\t\t\t\t\t<\/div>\n\t\t<\/div>\n\t\t\t\t<div class=\"elementor-column elementor-col-50 elementor-top-column elementor-element elementor-element-2863fb7\" data-id=\"2863fb7\" data-element_type=\"column\" data-e-type=\"column\">\n\t\t\t<div class=\"elementor-widget-wrap elementor-element-populated\">\n\t\t\t\t\t\t<div class=\"elementor-element elementor-element-18a1aca elementor--h-position-center elementor--v-position-middle elementor-arrows-position-inside elementor-widget elementor-widget-slides\" data-id=\"18a1aca\" data-element_type=\"widget\" data-e-type=\"widget\" data-settings=\"{&quot;navigation&quot;:&quot;arrows&quot;,&quot;autoplay&quot;:&quot;yes&quot;,&quot;autoplay_speed&quot;:5000,&quot;infinite&quot;:&quot;yes&quot;,&quot;transition&quot;:&quot;slide&quot;,&quot;transition_speed&quot;:500}\" data-widget_type=\"slides.default\">\n\t\t\t\t<div class=\"elementor-widget-container\">\n\t\t\t\t\t\t\t\t\t<div class=\"elementor-swiper\">\n\t\t\t\t\t<div class=\"elementor-slides-wrapper elementor-main-swiper swiper\" role=\"region\" aria-roledescription=\"carousel\" aria-label=\"Slides\" dir=\"ltr\" data-animation=\"fadeInRight\">\n\t\t\t\t<div class=\"swiper-wrapper elementor-slides\">\n\t\t\t\t\t\t\t\t\t\t<div class=\"elementor-repeater-item-74ebaf2 swiper-slide\" role=\"group\" aria-roledescription=\"slide\"><div class=\"swiper-slide-bg\" role=\"img\" aria-label=\"UNESCO grad glazbe\"><\/div><div class=\"swiper-slide-inner\" ><div class=\"swiper-slide-contents\"><\/div><\/div><\/div><div class=\"elementor-repeater-item-f270628 swiper-slide\" role=\"group\" aria-roledescription=\"slide\"><div class=\"swiper-slide-bg\" role=\"img\" aria-label=\"UNESCO grad glazbe\"><\/div><div class=\"swiper-slide-inner\" ><div class=\"swiper-slide-contents\"><\/div><\/div><\/div><div class=\"elementor-repeater-item-fb3fc3e swiper-slide\" role=\"group\" aria-roledescription=\"slide\"><div class=\"swiper-slide-bg\" role=\"img\" aria-label=\"UNESCO grad glazbe\"><\/div><div class=\"swiper-slide-inner\" ><div class=\"swiper-slide-contents\"><\/div><\/div><\/div><div class=\"elementor-repeater-item-b223181 swiper-slide\" role=\"group\" aria-roledescription=\"slide\"><div class=\"swiper-slide-bg\" role=\"img\" aria-label=\"UNESCO grad glazbe\"><\/div><div class=\"swiper-slide-inner\" ><div class=\"swiper-slide-contents\"><\/div><\/div><\/div>\t\t\t\t<\/div>\n\t\t\t\t\t\t\t\t\t\t\t\t\t\t\t<div class=\"elementor-swiper-button elementor-swiper-button-prev\" role=\"button\" tabindex=\"0\" aria-label=\"Previous slide\">\n\t\t\t\t\t\t\t<i aria-hidden=\"true\" class=\"eicon-chevron-left\"><\/i>\t\t\t\t\t\t<\/div>\n\t\t\t\t\t\t<div class=\"elementor-swiper-button elementor-swiper-button-next\" role=\"button\" tabindex=\"0\" aria-label=\"Next slide\">\n\t\t\t\t\t\t\t<i aria-hidden=\"true\" class=\"eicon-chevron-right\"><\/i>\t\t\t\t\t\t<\/div>\n\t\t\t\t\t\t\t\t\t\t\t\t\t\t\t\t\t<\/div>\n\t\t\t\t<\/div>\n\t\t\t\t\t\t\t\t<\/div>\n\t\t\t\t<\/div>\n\t\t\t\t\t<\/div>\n\t\t<\/div>\n\t\t\t\t\t<\/div>\n\t\t<\/section>\n\t\t\t\t<section class=\"elementor-section elementor-top-section elementor-element elementor-element-886ab5e elementor-section-full_width elementor-section-height-default elementor-section-height-default\" data-id=\"886ab5e\" data-element_type=\"section\" data-e-type=\"section\" data-settings=\"{&quot;background_background&quot;:&quot;classic&quot;}\">\n\t\t\t\t\t\t<div class=\"elementor-container elementor-column-gap-default\">\n\t\t\t\t\t<div class=\"elementor-column elementor-col-50 elementor-top-column elementor-element elementor-element-127f510\" data-id=\"127f510\" data-element_type=\"column\" data-e-type=\"column\">\n\t\t\t<div class=\"elementor-widget-wrap elementor-element-populated\">\n\t\t\t\t\t\t<div class=\"elementor-element elementor-element-911604a elementor--h-position-center elementor--v-position-middle elementor-arrows-position-inside elementor-widget elementor-widget-slides\" data-id=\"911604a\" data-element_type=\"widget\" data-e-type=\"widget\" data-settings=\"{&quot;navigation&quot;:&quot;arrows&quot;,&quot;autoplay&quot;:&quot;yes&quot;,&quot;autoplay_speed&quot;:5000,&quot;infinite&quot;:&quot;yes&quot;,&quot;transition&quot;:&quot;slide&quot;,&quot;transition_speed&quot;:500}\" data-widget_type=\"slides.default\">\n\t\t\t\t<div class=\"elementor-widget-container\">\n\t\t\t\t\t\t\t\t\t<div class=\"elementor-swiper\">\n\t\t\t\t\t<div class=\"elementor-slides-wrapper elementor-main-swiper swiper\" role=\"region\" aria-roledescription=\"carousel\" aria-label=\"Slides\" dir=\"ltr\" data-animation=\"fadeInRight\">\n\t\t\t\t<div class=\"swiper-wrapper elementor-slides\">\n\t\t\t\t\t\t\t\t\t\t<div class=\"elementor-repeater-item-74ebaf2 swiper-slide\" role=\"group\" aria-roledescription=\"slide\"><div class=\"swiper-slide-bg\" role=\"img\" aria-label=\"UNESCO grad glazbe\"><\/div><div class=\"swiper-slide-inner\" ><div class=\"swiper-slide-contents\"><\/div><\/div><\/div><div class=\"elementor-repeater-item-f270628 swiper-slide\" role=\"group\" aria-roledescription=\"slide\"><div class=\"swiper-slide-bg\" role=\"img\" aria-label=\"UNESCO grad glazbe\"><\/div><div class=\"swiper-slide-inner\" ><div class=\"swiper-slide-contents\"><\/div><\/div><\/div><div class=\"elementor-repeater-item-fb3fc3e swiper-slide\" role=\"group\" aria-roledescription=\"slide\"><div class=\"swiper-slide-bg\" role=\"img\" aria-label=\"UNESCO grad glazbe\"><\/div><div class=\"swiper-slide-inner\" ><div class=\"swiper-slide-contents\"><\/div><\/div><\/div><div class=\"elementor-repeater-item-2689e08 swiper-slide\" role=\"group\" aria-roledescription=\"slide\"><div class=\"swiper-slide-bg\" role=\"img\" aria-label=\"UNESCO grad glazbe\"><\/div><div class=\"swiper-slide-inner\" ><div class=\"swiper-slide-contents\"><\/div><\/div><\/div>\t\t\t\t<\/div>\n\t\t\t\t\t\t\t\t\t\t\t\t\t\t\t<div class=\"elementor-swiper-button elementor-swiper-button-prev\" role=\"button\" tabindex=\"0\" aria-label=\"Previous slide\">\n\t\t\t\t\t\t\t<i aria-hidden=\"true\" class=\"eicon-chevron-left\"><\/i>\t\t\t\t\t\t<\/div>\n\t\t\t\t\t\t<div class=\"elementor-swiper-button elementor-swiper-button-next\" role=\"button\" tabindex=\"0\" aria-label=\"Next slide\">\n\t\t\t\t\t\t\t<i aria-hidden=\"true\" class=\"eicon-chevron-right\"><\/i>\t\t\t\t\t\t<\/div>\n\t\t\t\t\t\t\t\t\t\t\t\t\t\t\t\t\t<\/div>\n\t\t\t\t<\/div>\n\t\t\t\t\t\t\t\t<\/div>\n\t\t\t\t<\/div>\n\t\t\t\t\t<\/div>\n\t\t<\/div>\n\t\t\t\t<div class=\"elementor-column elementor-col-50 elementor-top-column elementor-element elementor-element-18959b3\" data-id=\"18959b3\" data-element_type=\"column\" data-e-type=\"column\">\n\t\t\t<div class=\"elementor-widget-wrap elementor-element-populated\">\n\t\t\t\t\t\t<div class=\"elementor-element elementor-element-1dee95b elementor-widget elementor-widget-text-editor\" data-id=\"1dee95b\" data-element_type=\"widget\" data-e-type=\"widget\" data-widget_type=\"text-editor.default\">\n\t\t\t\t<div class=\"elementor-widget-container\">\n\t\t\t\t\t\t\t\t\t<p><em>Vara\u017edin lives music all year round, offering a variety of genres and musical content, innovative projects and opportunities to enjoy music such as music on the balconies, a musical-instrumental program on the organ in the Vara\u017edin cathedral or a musical camper, an innovative music box on wheels that provides a special experience on the main town square.<\/em> It is especially lively in Vara\u017edin on Saturday mornings from May to September, when most of these events are held, which completely enliven the streets of Vara\u017edin with the sound of music.<\/p>\t\t\t\t\t\t\t\t<\/div>\n\t\t\t\t<\/div>\n\t\t\t\t\t<\/div>\n\t\t<\/div>\n\t\t\t\t\t<\/div>\n\t\t<\/section>\n\t\t\t\t<\/div>\n\t\t","protected":false},"excerpt":{"rendered":"<p>Vara\u017edin is the first city in Croatia that can boast the title of UNESCO City of Music. This great success represents the culmination of many years of efforts and dedication of the City of Vara\u017edin in promoting musical culture and heritage, but also an incentive for the further development of Vara\u017edin as a center of [&hellip;]<\/p>\n","protected":false},"author":6,"featured_media":0,"parent":0,"menu_order":0,"comment_status":"closed","ping_status":"closed","template":"elementor_header_footer","meta":{"_acf_changed":false,"footnotes":""},"class_list":["post-27691","page","type-page","status-publish","hentry"],"acf":[],"yoast_head":"<!-- This site is optimized with the Yoast SEO plugin v27.4 - https:\/\/yoast.com\/product\/yoast-seo-wordpress\/ -->\n<title>UNESCO City of Music - Turisti\u010dka zajednica grada Vara\u017edina<\/title>\n<meta name=\"description\" content=\"Vara\u017edin is the first city in Croatia that can boast the title of UNESCO City of Music.\" \/>\n<meta name=\"robots\" content=\"index, follow, max-snippet:-1, max-image-preview:large, max-video-preview:-1\" \/>\n<link rel=\"canonical\" href=\"https:\/\/visitvarazdin.hr\/en\/unesco-city-of-music\/\" \/>\n<meta property=\"og:locale\" content=\"en_US\" \/>\n<meta property=\"og:type\" content=\"article\" \/>\n<meta property=\"og:title\" content=\"UNESCO City of Music - Turisti\u010dka zajednica grada Vara\u017edina\" \/>\n<meta property=\"og:description\" content=\"Vara\u017edin is the first city in Croatia that can boast the title of UNESCO City of Music.\" \/>\n<meta property=\"og:url\" content=\"https:\/\/visitvarazdin.hr\/en\/unesco-city-of-music\/\" \/>\n<meta property=\"og:site_name\" content=\"Turisti\u010dka zajednica grada Vara\u017edina\" \/>\n<meta property=\"article:modified_time\" content=\"2024-10-17T11:49:40+00:00\" \/>\n<meta name=\"twitter:card\" content=\"summary_large_image\" \/>\n<meta name=\"twitter:label1\" content=\"Est. reading time\" \/>\n\t<meta name=\"twitter:data1\" content=\"2 minutes\" \/>\n<script type=\"application\/ld+json\" class=\"yoast-schema-graph\">{\"@context\":\"https:\\\/\\\/schema.org\",\"@graph\":[{\"@type\":\"WebPage\",\"@id\":\"https:\\\/\\\/visitvarazdin.hr\\\/en\\\/unesco-city-of-music\\\/\",\"url\":\"https:\\\/\\\/visitvarazdin.hr\\\/en\\\/unesco-city-of-music\\\/\",\"name\":\"UNESCO City of Music - Turisti\u010dka zajednica grada Vara\u017edina\",\"isPartOf\":{\"@id\":\"https:\\\/\\\/visitvarazdin.hr\\\/en\\\/#website\"},\"datePublished\":\"2024-07-23T19:26:11+00:00\",\"dateModified\":\"2024-10-17T11:49:40+00:00\",\"description\":\"Vara\u017edin is the first city in Croatia that can boast the title of UNESCO City of Music.\",\"breadcrumb\":{\"@id\":\"https:\\\/\\\/visitvarazdin.hr\\\/en\\\/unesco-city-of-music\\\/#breadcrumb\"},\"inLanguage\":\"en-US\",\"potentialAction\":[{\"@type\":\"ReadAction\",\"target\":[\"https:\\\/\\\/visitvarazdin.hr\\\/en\\\/unesco-city-of-music\\\/\"]}]},{\"@type\":\"BreadcrumbList\",\"@id\":\"https:\\\/\\\/visitvarazdin.hr\\\/en\\\/unesco-city-of-music\\\/#breadcrumb\",\"itemListElement\":[{\"@type\":\"ListItem\",\"position\":1,\"name\":\"Po\u010detna stranica\",\"item\":\"https:\\\/\\\/visitvarazdin.hr\\\/en\\\/\"},{\"@type\":\"ListItem\",\"position\":2,\"name\":\"UNESCO City of Music\"}]},{\"@type\":\"WebSite\",\"@id\":\"https:\\\/\\\/visitvarazdin.hr\\\/en\\\/#website\",\"url\":\"https:\\\/\\\/visitvarazdin.hr\\\/en\\\/\",\"name\":\"Turisti\u010dka zajednica grada Vara\u017edina\",\"description\":\"\",\"publisher\":{\"@id\":\"https:\\\/\\\/visitvarazdin.hr\\\/en\\\/#organization\"},\"potentialAction\":[{\"@type\":\"SearchAction\",\"target\":{\"@type\":\"EntryPoint\",\"urlTemplate\":\"https:\\\/\\\/visitvarazdin.hr\\\/en\\\/?s={search_term_string}\"},\"query-input\":{\"@type\":\"PropertyValueSpecification\",\"valueRequired\":true,\"valueName\":\"search_term_string\"}}],\"inLanguage\":\"en-US\"},{\"@type\":\"Organization\",\"@id\":\"https:\\\/\\\/visitvarazdin.hr\\\/en\\\/#organization\",\"name\":\"Turisti\u010dka zajednica grada Vara\u017edina\",\"url\":\"https:\\\/\\\/visitvarazdin.hr\\\/en\\\/\",\"logo\":{\"@type\":\"ImageObject\",\"inLanguage\":\"en-US\",\"@id\":\"https:\\\/\\\/visitvarazdin.hr\\\/en\\\/#\\\/schema\\\/logo\\\/image\\\/\",\"url\":\"https:\\\/\\\/visitvarazdin.hr\\\/wp-content\\\/uploads\\\/2021\\\/10\\\/cropped-logo-tzgv-200-retina-189x200-1.png\",\"contentUrl\":\"https:\\\/\\\/visitvarazdin.hr\\\/wp-content\\\/uploads\\\/2021\\\/10\\\/cropped-logo-tzgv-200-retina-189x200-1.png\",\"width\":189,\"height\":200,\"caption\":\"Turisti\u010dka zajednica grada Vara\u017edina\"},\"image\":{\"@id\":\"https:\\\/\\\/visitvarazdin.hr\\\/en\\\/#\\\/schema\\\/logo\\\/image\\\/\"}}]}<\/script>\n<!-- \/ Yoast SEO plugin. -->","yoast_head_json":{"title":"UNESCO City of Music - Turisti\u010dka zajednica grada Vara\u017edina","description":"Vara\u017edin is the first city in Croatia that can boast the title of UNESCO City of Music.","robots":{"index":"index","follow":"follow","max-snippet":"max-snippet:-1","max-image-preview":"max-image-preview:large","max-video-preview":"max-video-preview:-1"},"canonical":"https:\/\/visitvarazdin.hr\/en\/unesco-city-of-music\/","og_locale":"en_US","og_type":"article","og_title":"UNESCO City of Music - Turisti\u010dka zajednica grada Vara\u017edina","og_description":"Vara\u017edin is the first city in Croatia that can boast the title of UNESCO City of Music.","og_url":"https:\/\/visitvarazdin.hr\/en\/unesco-city-of-music\/","og_site_name":"Turisti\u010dka zajednica grada Vara\u017edina","article_modified_time":"2024-10-17T11:49:40+00:00","twitter_card":"summary_large_image","twitter_misc":{"Est. reading time":"2 minutes"},"schema":{"@context":"https:\/\/schema.org","@graph":[{"@type":"WebPage","@id":"https:\/\/visitvarazdin.hr\/en\/unesco-city-of-music\/","url":"https:\/\/visitvarazdin.hr\/en\/unesco-city-of-music\/","name":"UNESCO City of Music - Turisti\u010dka zajednica grada Vara\u017edina","isPartOf":{"@id":"https:\/\/visitvarazdin.hr\/en\/#website"},"datePublished":"2024-07-23T19:26:11+00:00","dateModified":"2024-10-17T11:49:40+00:00","description":"Vara\u017edin is the first city in Croatia that can boast the title of UNESCO City of Music.","breadcrumb":{"@id":"https:\/\/visitvarazdin.hr\/en\/unesco-city-of-music\/#breadcrumb"},"inLanguage":"en-US","potentialAction":[{"@type":"ReadAction","target":["https:\/\/visitvarazdin.hr\/en\/unesco-city-of-music\/"]}]},{"@type":"BreadcrumbList","@id":"https:\/\/visitvarazdin.hr\/en\/unesco-city-of-music\/#breadcrumb","itemListElement":[{"@type":"ListItem","position":1,"name":"Po\u010detna stranica","item":"https:\/\/visitvarazdin.hr\/en\/"},{"@type":"ListItem","position":2,"name":"UNESCO City of Music"}]},{"@type":"WebSite","@id":"https:\/\/visitvarazdin.hr\/en\/#website","url":"https:\/\/visitvarazdin.hr\/en\/","name":"Turisti\u010dka zajednica grada Vara\u017edina","description":"","publisher":{"@id":"https:\/\/visitvarazdin.hr\/en\/#organization"},"potentialAction":[{"@type":"SearchAction","target":{"@type":"EntryPoint","urlTemplate":"https:\/\/visitvarazdin.hr\/en\/?s={search_term_string}"},"query-input":{"@type":"PropertyValueSpecification","valueRequired":true,"valueName":"search_term_string"}}],"inLanguage":"en-US"},{"@type":"Organization","@id":"https:\/\/visitvarazdin.hr\/en\/#organization","name":"Turisti\u010dka zajednica grada Vara\u017edina","url":"https:\/\/visitvarazdin.hr\/en\/","logo":{"@type":"ImageObject","inLanguage":"en-US","@id":"https:\/\/visitvarazdin.hr\/en\/#\/schema\/logo\/image\/","url":"https:\/\/visitvarazdin.hr\/wp-content\/uploads\/2021\/10\/cropped-logo-tzgv-200-retina-189x200-1.png","contentUrl":"https:\/\/visitvarazdin.hr\/wp-content\/uploads\/2021\/10\/cropped-logo-tzgv-200-retina-189x200-1.png","width":189,"height":200,"caption":"Turisti\u010dka zajednica grada Vara\u017edina"},"image":{"@id":"https:\/\/visitvarazdin.hr\/en\/#\/schema\/logo\/image\/"}}]}},"_links":{"self":[{"href":"https:\/\/visitvarazdin.hr\/en\/wp-json\/wp\/v2\/pages\/27691","targetHints":{"allow":["GET"]}}],"collection":[{"href":"https:\/\/visitvarazdin.hr\/en\/wp-json\/wp\/v2\/pages"}],"about":[{"href":"https:\/\/visitvarazdin.hr\/en\/wp-json\/wp\/v2\/types\/page"}],"author":[{"embeddable":true,"href":"https:\/\/visitvarazdin.hr\/en\/wp-json\/wp\/v2\/users\/6"}],"replies":[{"embeddable":true,"href":"https:\/\/visitvarazdin.hr\/en\/wp-json\/wp\/v2\/comments?post=27691"}],"version-history":[{"count":3,"href":"https:\/\/visitvarazdin.hr\/en\/wp-json\/wp\/v2\/pages\/27691\/revisions"}],"predecessor-version":[{"id":28420,"href":"https:\/\/visitvarazdin.hr\/en\/wp-json\/wp\/v2\/pages\/27691\/revisions\/28420"}],"wp:attachment":[{"href":"https:\/\/visitvarazdin.hr\/en\/wp-json\/wp\/v2\/media?parent=27691"}],"curies":[{"name":"wp","href":"https:\/\/api.w.org\/{rel}","templated":true}]}}